{"id":8,"date":"2026-01-19T19:21:21","date_gmt":"2026-01-19T18:21:21","guid":{"rendered":"http:\/\/naly.tmp26.iutn.o2switch.site\/module_2_wordpress\/spiderman\/?page_id=8"},"modified":"2026-01-20T15:53:26","modified_gmt":"2026-01-20T14:53:26","slug":"accueil","status":"publish","type":"page","link":"https:\/\/naly.tmp26.iutn.o2switch.site\/module_2_wordpress\/spiderman\/","title":{"rendered":"Accueil"},"content":{"rendered":"\n<blockquote class=\"wp-block-quote is-layout-flow wp-block-quote-is-layout-flow\"><\/blockquote>\n\n\n\n<blockquote class=\"wp-block-quote is-layout-flow wp-block-quote-is-layout-flow\">\n<p class=\"has-large-font-size\"><mark style=\"background-color:rgba(0, 0, 0, 0)\" class=\"has-inline-color has-black-color\"><strong>La mission des formations continues de SkillFor Campus est de permettre \u00e0 chacun de s\u00e9curiser son parcours professionnel, d\u2019\u00e9voluer ou de se reconvertir gr\u00e2ce \u00e0 des formations accessibles, flexibles et align\u00e9es avec les attentes du march\u00e9<\/strong><\/mark><\/p>\n<\/blockquote>\n","protected":false},"excerpt":{"rendered":"<p>La mission des formations continues de SkillFor Campus est de permettre \u00e0 chacun de s\u00e9curiser son parcours professionnel, d\u2019\u00e9voluer ou de se reconvertir gr\u00e2ce \u00e0 des formations accessibles, flexibles et align\u00e9es avec les attentes du march\u00e9<\/p>\n","protected":false},"author":1,"featured_media":0,"parent":0,"menu_order":0,"comment_status":"closed","ping_status":"closed","template":"","meta":{"footnotes":""},"class_list":["post-8","page","type-page","status-publish","hentry"],"_links":{"self":[{"href":"https:\/\/naly.tmp26.iutn.o2switch.site\/module_2_wordpress\/spiderman\/wp-json\/wp\/v2\/pages\/8","targetHints":{"allow":["GET"]}}],"collection":[{"href":"https:\/\/naly.tmp26.iutn.o2switch.site\/module_2_wordpress\/spiderman\/wp-json\/wp\/v2\/pages"}],"about":[{"href":"https:\/\/naly.tmp26.iutn.o2switch.site\/module_2_wordpress\/spiderman\/wp-json\/wp\/v2\/types\/page"}],"author":[{"embeddable":true,"href":"https:\/\/naly.tmp26.iutn.o2switch.site\/module_2_wordpress\/spiderman\/wp-json\/wp\/v2\/users\/1"}],"replies":[{"embeddable":true,"href":"https:\/\/naly.tmp26.iutn.o2switch.site\/module_2_wordpress\/spiderman\/wp-json\/wp\/v2\/comments?post=8"}],"version-history":[{"count":6,"href":"https:\/\/naly.tmp26.iutn.o2switch.site\/module_2_wordpress\/spiderman\/wp-json\/wp\/v2\/pages\/8\/revisions"}],"predecessor-version":[{"id":67,"href":"https:\/\/naly.tmp26.iutn.o2switch.site\/module_2_wordpress\/spiderman\/wp-json\/wp\/v2\/pages\/8\/revisions\/67"}],"wp:attachment":[{"href":"https:\/\/naly.tmp26.iutn.o2switch.site\/module_2_wordpress\/spiderman\/wp-json\/wp\/v2\/media?parent=8"}],"curies":[{"name":"wp","href":"https:\/\/api.w.org\/{rel}","templated":true}]}}